{"id":7390,"date":"2017-05-29T12:09:10","date_gmt":"2017-05-29T10:09:10","guid":{"rendered":"http:\/\/www.re3.ch\/en\/?page_id=7390"},"modified":"2019-02-28T18:13:14","modified_gmt":"2019-02-28T17:13:14","slug":"uber-uns-temp","status":"publish","type":"page","link":"https:\/\/www.re3.ch\/en\/uber-uns-temp\/","title":{"rendered":"\u00dcber uns Temp"},"content":{"rendered":"<div class=\"wpb-content-wrapper\">[mk_page_section bg_image=&#8221;https:\/\/www.re3.ch\/wp-content\/uploads\/gleis_1000_700.jpg&#8221; bg_position=&#8221;center center&#8221; bg_repeat=&#8221;no-repeat&#8221; bg_stretch=&#8221;true&#8221; enable_3d=&#8221;true&#8221; bg_gradient=&#8221;vertical&#8221; video_color_mask=&#8221;#373735&#8243; gr_end=&#8221;rgba(255,255,255,0.5)&#8221; min_height=&#8221;0&#8243; full_width=&#8221;true&#8221; padding_top=&#8221;0&#8243; padding_bottom=&#8221;0&#8243; sidebar=&#8221;sidebar-1&#8243; first_page=&#8221;false&#8221; last_page=&#8221;false&#8221;][vc_column][mk_padding_divider size=&#8221;160&#8243;][mk_fancy_title strip_tags=&#8221;true&#8221; color=&#8221;#ffffff&#8221; size=&#8221;75&#8243; force_font_size=&#8221;true&#8221; size_smallscreen=&#8221;60&#8243; size_tablet=&#8221;40&#8243; size_phone=&#8221;40&#8243; font_weight=&#8221;300&#8243; font_style=&#8221;normal&#8221; txt_transform=&#8221;none&#8221; margin_bottom=&#8221;0&#8243; font_family=&#8221;none&#8221; align=&#8221;center&#8221;]Gemeinsam unterwegs[\/mk_fancy_title][mk_fancy_title strip_tags=&#8221;true&#8221; color=&#8221;#ffffff&#8221; size=&#8221;75&#8243; force_font_size=&#8221;true&#8221; size_smallscreen=&#8221;60&#8243; size_tablet=&#8221;40&#8243; size_phone=&#8221;40&#8243; font_style=&#8221;normal&#8221; txt_transform=&#8221;none&#8221; margin_bottom=&#8221;50&#8243; font_family=&#8221;none&#8221; align=&#8221;center&#8221;]Passionately committed to serve![\/mk_fancy_title][vc_row_inner][vc_column_inner width=&#8221;1\/2&#8243;][mk_button dimension=&#8221;outline&#8221; corner_style=&#8221;full_rounded&#8221; size=&#8221;large&#8221; url=&#8221;#about&#8221; align=&#8221;right&#8221; button_custom_width=&#8221;320&#8243; outline_skin=&#8221;custom&#8221; outline_active_color=&#8221;#ffffff&#8221; outline_hover_color=&#8221;#777777&#8243;]ERFAHRE MEHR \u00dcBER UNS[\/mk_button][\/vc_column_inner][vc_column_inner width=&#8221;1\/2&#8243;][mk_button dimension=&#8221;outline&#8221; corner_style=&#8221;full_rounded&#8221; size=&#8221;large&#8221; url=&#8221;#schwerpunkte&#8221; button_custom_width=&#8221;320&#8243; outline_skin=&#8221;custom&#8221; outline_active_color=&#8221;#ffffff&#8221; outline_hover_color=&#8221;#777777&#8243;]UNSERE SCHWERPUNKTE[\/mk_button][\/vc_column_inner][\/vc_row_inner][mk_padding_divider size=&#8221;80&#8243;][\/vc_column][\/mk_page_section][mk_page_section bg_gradient=&#8221;vertical&#8221; video_opacity=&#8221;0.9&#8243; min_height=&#8221;156&#8243; full_width=&#8221;true&#8221; padding_top=&#8221;0&#8243; padding_bottom=&#8221;0&#8243; top_shape_color=&#8221;#ffffff&#8221; has_bottom_shape_divider=&#8221;true&#8221; bottom_shape_color=&#8221;#d1c3a0&#8243; section_id=&#8221;about&#8221; sidebar=&#8221;sidebar-1&#8243; first_page=&#8221;false&#8221; last_page=&#8221;false&#8221;][vc_column][mk_padding_divider size=&#8221;120&#8243;][vc_row_inner is_fullwidth_content=&#8221;false&#8221;][vc_column_inner width=&#8221;1\/3&#8243;][mk_fancy_title tag_name=&#8221;h3&#8243; color=&#8221;#222222&#8243; size=&#8221;45&#8243; font_weight=&#8221;bolder&#8221; font_style=&#8221;normal&#8221; txt_transform=&#8221;uppercase&#8221; margin_bottom=&#8221;18&#8243; font_family=&#8221;none&#8221;]\n<h3>Wer wir sind<br \/>\nund was wir tun<\/h3>\n[\/mk_fancy_title][\/vc_column_inner][vc_column_inner width=&#8221;1\/3&#8243;][mk_circle_image src=&#8221;https:\/\/www.re3.ch\/wp-content\/uploads\/portrait_pinaton.jpg&#8221; image_diameter=&#8221;400&#8243; animation=&#8221;fade-in&#8221;][\/vc_column_inner][vc_column_inner width=&#8221;1\/3&#8243;][mk_fancy_title tag_name=&#8221;span&#8221; color=&#8221;#8d8d8d&#8221; size=&#8221;22&#8243; font_weight=&#8221;300&#8243; font_style=&#8221;normal&#8221; txt_transform=&#8221;none&#8221; margin_bottom=&#8221;18&#8243; font_family=&#8221;none&#8221;]<strong>Therese und Fran\u00e7ois Pinaton<\/strong><br \/>\n<strong>Seit 1993 gl\u00fccklich verheiratet<\/strong>[\/mk_fancy_title][mk_fancy_title tag_name=&#8221;span&#8221; color=&#8221;#8d8d8d&#8221; size=&#8221;18&#8243; font_weight=&#8221;300&#8243; font_style=&#8221;normal&#8221; txt_transform=&#8221;none&#8221; margin_bottom=&#8221;18&#8243; font_family=&#8221;none&#8221;]Beratung, Coaching &amp; Member Care;<br \/>\nSchulungs- und Seminart\u00e4tigkeit in internationalen Organisationen[\/mk_fancy_title][mk_button dimension=&#8221;flat&#8221; corner_style=&#8221;full_rounded&#8221; size=&#8221;medium&#8221; url=&#8221;aus-weiterbildung\/&#8221; bg_color=&#8221;#ee750c&#8221; btn_hover_bg=&#8221;#f29200&#8243;]UNSERE AUS- &amp; WEITERBILDUNGEN[\/mk_button][\/vc_column_inner][\/vc_row_inner][vc_row_inner is_fullwidth_content=&#8221;false&#8221; css=&#8221;.vc_custom_1490190168418{margin-top: 50px !important;margin-bottom: 50px !important;}&#8221;][vc_column_inner width=&#8221;1\/3&#8243;][\/vc_column_inner][vc_column_inner width=&#8221;2\/3&#8243;][vc_column_text]Seit 1993 sind wir zusammen im vollzeitlichen Dienst unterwegs \u2013 davon \u00fcber 20 Jahre bei Jugend mit einer Mission (JMEM) im Schulungsbereich. Dabei haben wir sehr viel erlebt, sind durch sehr viele Hochs aber auch manche Tiefs gegangen die uns gepr\u00e4gt und ver\u00e4ndert haben und an denen wir pers\u00f6nlich gewachsen sind. Gerade auch in schweren Zeiten durften wir immer wieder erfahren, wie Gott treu an unserer Seite stand! Das Erleben wie Gott uns immer und immer wieder durchgetragen, wie er sein Wort gehalten und uns liebevoll durch Ver\u00e4nderungsprozesse hindurch begleitet hat, ist ein kostbarerer Erfahrungsschatz, aus dem wir immer wieder sch\u00f6pfen und weiter geben d\u00fcrfen![\/vc_column_text][\/vc_column_inner][\/vc_row_inner][\/vc_column][\/mk_page_section][mk_page_section bg_gradient=&#8221;vertical&#8221; video_color_mask=&#8221;#d1c3a0&#8243; gr_end=&#8221;#efe9db&#8221; video_opacity=&#8221;1&#8243; min_height=&#8221;156&#8243; full_width=&#8221;true&#8221; padding_top=&#8221;0&#8243; padding_bottom=&#8221;0&#8243; top_shape_color=&#8221;#ffffff&#8221; has_bottom_shape_divider=&#8221;true&#8221; bottom_shape_color=&#8221;#ffffff&#8221; section_id=&#8221;schwerpunkte&#8221; sidebar=&#8221;sidebar-1&#8243; first_page=&#8221;false&#8221; last_page=&#8221;false&#8221;][vc_column][mk_padding_divider size=&#8221;60&#8243;][vc_row_inner is_fullwidth_content=&#8221;false&#8221;][vc_column_inner][mk_ornamental_title text_color=&#8221;#ffffff&#8221; font_family=&#8221;none&#8221; font_size=&#8221;45&#8243; font_weight=&#8221;bolder&#8221; txt_transform=&#8221;uppercase&#8221; ornament_style=&#8221;norman-short-double&#8221; nss_align=&#8221;center&#8221; ornament_thickness=&#8221;2&#8243;]Unsere Schwerpunkte[\/mk_ornamental_title][mk_fancy_title size=&#8221;20&#8243; font_weight=&#8221;300&#8243; font_style=&#8221;normal&#8221; txt_transform=&#8221;none&#8221; margin_bottom=&#8221;0&#8243; font_family=&#8221;none&#8221; align=&#8221;center&#8221;]Heute investieren wir uns mit \u00dcberzeugung und Leidenschaft durch RE3 im Bereich von Member Care.[\/mk_fancy_title][vc_column_text]\n<p style=\"text-align: center;\">Wir stellen unsere Erfahrungen und Dienstleistungen Einzelpersonen, Ehepaaren wie auch Missionsorganisationen und -Schulen zur Verf\u00fcgung.<\/p>\n[\/vc_column_text][mk_padding_divider][mk_steps step=&#8221;5&#8243; icon_1=&#8221;mk-li-love&#8221; title_1=&#8221;Spiritual Formation&#8221; icon_2=&#8221;mk-li-users&#8221; title_2=&#8221;Mentoring&#8221; icon_3=&#8221;mk-li-compass&#8221; title_3=&#8221;Coaching&#8221; icon_4=&#8221;mk-li-view&#8221; title_4=&#8221;Debriefing&#8221; icon_5=&#8221;mk-li-portfolio&#8221; title_5=&#8221;Re-Integration&#8221;][mk_padding_divider][\/vc_column_inner][\/vc_row_inner][\/vc_column][\/mk_page_section][vc_row][vc_column][mk_padding_divider][mk_ornamental_title font_family=&#8221;none&#8221; font_size=&#8221;35&#8243; font_weight=&#8221;bolder&#8221; txt_transform=&#8221;uppercase&#8221; ornament_style=&#8221;norman-short-double&#8221; nss_align=&#8221;center&#8221; ornament_thickness=&#8221;2&#8243; margin_bottom=&#8221;50&#8243;]Weitere Berater[\/mk_ornamental_title][mk_employees column=&#8221;4&#8243; box_blur=&#8221;false&#8221; categories=&#8221;berater&#8221;][\/vc_column][\/vc_row][vc_row][vc_column][mk_padding_divider][mk_ornamental_title font_family=&#8221;none&#8221; font_size=&#8221;35&#8243; font_weight=&#8221;bolder&#8221; txt_transform=&#8221;uppercase&#8221; ornament_style=&#8221;norman-short-double&#8221; nss_align=&#8221;center&#8221; ornament_thickness=&#8221;2&#8243; margin_bottom=&#8221;50&#8243;]Unser Vorstand[\/mk_ornamental_title][mk_employees column=&#8221;4&#8243; box_blur=&#8221;false&#8221; categories=&#8221;vorstand&#8221;][\/vc_column][\/vc_row][vc_row][vc_column][mk_padding_divider size=&#8221;80&#8243;][\/vc_column][\/vc_row][mk_page_section speed_factor=&#8221;0.9&#8243; bg_gradient=&#8221;left_top&#8221; video_color_mask=&#8221;#ee750c&#8221; gr_end=&#8221;#f29200&#8243; video_opacity=&#8221;0.9&#8243; sidebar=&#8221;sidebar-1&#8243;][vc_column][vc_row_inner css=&#8221;.vc_custom_1490285162971{margin-top: 80px !important;margin-bottom: 80px !important;}&#8221;][vc_column_inner width=&#8221;2\/3&#8243;][mk_fancy_title strip_tags=&#8221;true&#8221; color=&#8221;#ffffff&#8221; size=&#8221;50&#8243; force_font_size=&#8221;true&#8221; size_smallscreen=&#8221;40&#8243; size_tablet=&#8221;36&#8243; size_phone=&#8221;32&#8243; font_weight=&#8221;300&#8243; txt_transform=&#8221;uppercase&#8221; margin_top=&#8221;30&#8243; font_family=&#8221;none&#8221;]Passionately committed to serve![\/mk_fancy_title][\/vc_column_inner][vc_column_inner width=&#8221;1\/3&#8243;][mk_padding_divider visibility=&#8221;hidden-sm&#8221;][mk_button dimension=&#8221;outline&#8221; corner_style=&#8221;full_rounded&#8221; size=&#8221;x-large&#8221; url=&#8221;https:\/\/www.re3.ch\/kontakt\/&#8221; align=&#8221;center&#8221; margin_top=&#8221;40&#8243; margin_bottom=&#8221;40&#8243; outline_skin=&#8221;light&#8221;]KONTAKT[\/mk_button][\/vc_column_inner][\/vc_row_inner][\/vc_column][\/mk_page_section][mk_page_section has_top_shape_divider=&#8221;true&#8221; top_shape_style=&#8221;speech-top&#8221; top_shape_color=&#8221;#dd9933&#8243; has_bottom_shape_divider=&#8221;true&#8221; bottom_shape_style=&#8221;speech-bottom&#8221; bottom_shape_color=&#8221;#d1c3a0&#8243; sidebar=&#8221;sidebar-1&#8243;][vc_column][mk_padding_divider][vc_row_inner][vc_column_inner width=&#8221;1\/3&#8243;][mk_fancy_title font_family=&#8221;none&#8221;]sdfasfdasfdasfdsaf[\/mk_fancy_title][\/vc_column_inner][vc_column_inner width=&#8221;2\/3&#8243;][mk_fancy_title font_family=&#8221;none&#8221;]asdfasdfasfd[\/mk_fancy_title][\/vc_column_inner][\/vc_row_inner][\/vc_column][\/mk_page_section][mk_page_section speed_factor=&#8221;0.9&#8243; bg_gradient=&#8221;left_top&#8221; video_color_mask=&#8221;#d1c3a0&#8243; gr_end=&#8221;#e7e2cf&#8221; video_opacity=&#8221;0.9&#8243; sidebar=&#8221;sidebar-1&#8243;][vc_column][vc_row_inner css=&#8221;.vc_custom_1490285162971{margin-top: 80px !important;margin-bottom: 80px !important;}&#8221;][vc_column_inner width=&#8221;1\/3&#8243;][mk_padding_divider visibility=&#8221;hidden-sm&#8221;][mk_button dimension=&#8221;outline&#8221; corner_style=&#8221;full_rounded&#8221; size=&#8221;x-large&#8221; url=&#8221;https:\/\/www.re3.ch\/kontakt\/spenden\/&#8221; align=&#8221;center&#8221; margin_top=&#8221;40&#8243; margin_bottom=&#8221;40&#8243; outline_skin=&#8221;light&#8221;]JETZT UNTERST\u00dcTZEN[\/mk_button][\/vc_column_inner][vc_column_inner width=&#8221;2\/3&#8243;][mk_fancy_title color=&#8221;#ffffff&#8221; size=&#8221;50&#8243; force_font_size=&#8221;true&#8221; size_smallscreen=&#8221;40&#8243; size_tablet=&#8221;36&#8243; size_phone=&#8221;32&#8243; font_weight=&#8221;300&#8243; txt_transform=&#8221;uppercase&#8221; margin_top=&#8221;30&#8243; font_family=&#8221;none&#8221;]M\u00f6chtest du unsere Arbeit mittragen?[\/mk_fancy_title][\/vc_column_inner][\/vc_row_inner][\/vc_column][\/mk_page_section]\n<\/div>","protected":false},"excerpt":{"rendered":"<p>[mk_page_section bg_image=&#8221;https:\/\/www.re3.ch\/wp-content\/uploads\/gleis_1000_700.jpg&#8221; bg_position=&#8221;center center&#8221; bg_repeat=&#8221;no-repeat&#8221; bg_stretch=&#8221;true&#8221; enable_3d=&#8221;true&#8221; bg_gradient=&#8221;vertical&#8221; video_color_mask=&#8221;#373735&#8243; gr_end=&#8221;rgba(255,255,255,0.5)&#8221; min_height=&#8221;0&#8243; full_width=&#8221;true&#8221; padding_top=&#8221;0&#8243; padding_bottom=&#8221;0&#8243; sidebar=&#8221;sidebar-1&#8243; first_page=&#8221;false&#8221; last_page=&#8221;false&#8221;][vc_column][mk_padding_divider size=&#8221;160&#8243;][mk_fancy_title strip_tags=&#8221;true&#8221; color=&#8221;#ffffff&#8221; size=&#8221;75&#8243; force_font_size=&#8221;true&#8221; size_smallscreen=&#8221;60&#8243; size_tablet=&#8221;40&#8243; size_phone=&#8221;40&#8243; font_weight=&#8221;300&#8243; font_style=&#8221;normal&#8221; txt_transform=&#8221;none&#8221; margin_bottom=&#8221;0&#8243; font_family=&#8221;none&#8221; align=&#8221;center&#8221;]Gemeinsam unterwegs[\/mk_fancy_title][mk_fancy_title strip_tags=&#8221;true&#8221; color=&#8221;#ffffff&#8221; size=&#8221;75&#8243; force_font_size=&#8221;true&#8221; size_smallscreen=&#8221;60&#8243; size_tablet=&#8221;40&#8243; size_phone=&#8221;40&#8243; font_style=&#8221;normal&#8221; txt_transform=&#8221;none&#8221; margin_bottom=&#8221;50&#8243; font_family=&#8221;none&#8221; align=&#8221;center&#8221;]Passionately committed to serve![\/mk_fancy_title][vc_row_inner][vc_column_inner width=&#8221;1\/2&#8243;][mk_button dimension=&#8221;outline&#8221; corner_style=&#8221;full_rounded&#8221; size=&#8221;large&#8221; url=&#8221;#about&#8221; align=&#8221;right&#8221; button_custom_width=&#8221;320&#8243; outline_skin=&#8221;custom&#8221; [&hellip;]<\/p>\n","protected":false},"author":1,"featured_media":0,"parent":0,"menu_order":110,"comment_status":"open","ping_status":"closed","template":"","meta":{"footnotes":""},"class_list":["post-7390","page","type-page","status-publish","hentry"],"_links":{"self":[{"href":"https:\/\/www.re3.ch\/en\/wp-json\/wp\/v2\/pages\/7390","targetHints":{"allow":["GET"]}}],"collection":[{"href":"https:\/\/www.re3.ch\/en\/wp-json\/wp\/v2\/pages"}],"about":[{"href":"https:\/\/www.re3.ch\/en\/wp-json\/wp\/v2\/types\/page"}],"author":[{"embeddable":true,"href":"https:\/\/www.re3.ch\/en\/wp-json\/wp\/v2\/users\/1"}],"replies":[{"embeddable":true,"href":"https:\/\/www.re3.ch\/en\/wp-json\/wp\/v2\/comments?post=7390"}],"version-history":[{"count":3,"href":"https:\/\/www.re3.ch\/en\/wp-json\/wp\/v2\/pages\/7390\/revisions"}],"predecessor-version":[{"id":7465,"href":"https:\/\/www.re3.ch\/en\/wp-json\/wp\/v2\/pages\/7390\/revisions\/7465"}],"wp:attachment":[{"href":"https:\/\/www.re3.ch\/en\/wp-json\/wp\/v2\/media?parent=7390"}],"curies":[{"name":"wp","href":"https:\/\/api.w.org\/{rel}","templated":true}]}}